{"id":2,"date":"2013-10-29T01:04:28","date_gmt":"2013-10-29T01:04:28","guid":{"rendered":"http:\/\/localhost:8080\/wordpress-3.6.1\/wordpress\/?page_id=2"},"modified":"2017-04-20T23:41:28","modified_gmt":"2017-04-20T23:41:28","slug":"km82","status":"publish","type":"page","link":"https:\/\/km82.com\/products\/","title":{"rendered":"KM82"},"content":{"rendered":"<h2>Una incre\u00edble plataforma mecatr\u00f3nica para construir robots.<\/h2>\n<p><strong>KM82<\/strong> no s\u00f3lo es un kit,<b>\u00a0<\/b>es una incre\u00edble plataforma mecatr\u00f3nica de precisi\u00f3n con la que aprender\u00e1s a dise\u00f1ar, controlar y programar tu propio chasis rob\u00f3tico, incluye todo los componentes \u00a0necesarios para armarlo, motores, ruedas, electr\u00f3nica, partes mec\u00e1nicas y por supuesto un Arduino UNO Original.<\/p>\n<figure style=\"width: 703px\" class=\"wp-caption alignnone\"><a href=\"https:\/\/km82.com\/products\/wp-content\/uploads\/2013\/10\/IMG_0233small.jpg\"><img loading=\"lazy\" decoding=\"async\" alt=\"IMG_0233small\" src=\"https:\/\/km82.com\/products\/wp-content\/uploads\/2013\/10\/IMG_0233small.jpg\" width=\"703\" height=\"525\" \/><\/a><figcaption class=\"wp-caption-text\">KM82b Vista frontal<\/figcaption><\/figure>\n<blockquote><p>El primer robot con chasis <strong>dise\u00f1ado y fabricado \u00edntegramente en el Per\u00fa<\/strong><\/p><\/blockquote>\n<p>KM82 no es un juguete, es un laboratorio de aprendizaje para mecatr\u00f3nica, con el aprender\u00e1s sobre el control de servos y motores, medir distancias, movimiento, aceleraci\u00f3n, avance, retroceso, giros precisos, desplazamiento y sobre todo una cosa,\u00a0\u00a0aprender\u00e1s a desarrollar tu propio proyecto, no esperes recibir todo hecho, hay tantas posibilidades, que el \u00fanico l\u00edmite que vas a tener es tu imaginaci\u00f3n.<\/p>\n<figure id=\"attachment_151\" aria-describedby=\"caption-attachment-151\" style=\"width: 800px\" class=\"wp-caption alignnone\"><a href=\"https:\/\/km82.com\/products\/wp-content\/uploads\/2013\/10\/IMG_023low1.jpg\"><img loading=\"lazy\" decoding=\"async\" class=\" wp-image-151\" alt=\"IMG_023low1\" src=\"https:\/\/km82.com\/products\/wp-content\/uploads\/2013\/10\/IMG_023low1.jpg\" width=\"800\" height=\"598\" srcset=\"https:\/\/km82.com\/products\/wp-content\/uploads\/2013\/10\/IMG_023low1.jpg 800w, https:\/\/km82.com\/products\/wp-content\/uploads\/2013\/10\/IMG_023low1-300x224.jpg 300w\" sizes=\"auto, (max-width: 800px) 100vw, 800px\" \/><\/a><figcaption id=\"caption-attachment-151\" class=\"wp-caption-text\">KM82b Vista lateral<\/figcaption><\/figure>\n<p>Es un sistema es modular y ampliable, empezar\u00e1s por construir una plataforma de tracci\u00f3n totalmente profesional, pero en escala, con cuatro motores para moverla, en la que controlaras la direcci\u00f3n, la velocidad, el sentido de la marcha los giros con una incre\u00edble precisi\u00f3n.<\/p>\n<figure id=\"attachment_144\" aria-describedby=\"caption-attachment-144\" style=\"width: 703px\" class=\"wp-caption alignnone\"><a href=\"https:\/\/km82.com\/products\/wp-content\/uploads\/2013\/10\/km82_0237back21.jpg\"><img loading=\"lazy\" decoding=\"async\" class=\" wp-image-144\" alt=\"km82_0237back2\" src=\"https:\/\/km82.com\/products\/wp-content\/uploads\/2013\/10\/km82_0237back21.jpg\" width=\"703\" height=\"528\" srcset=\"https:\/\/km82.com\/products\/wp-content\/uploads\/2013\/10\/km82_0237back21.jpg 703w, https:\/\/km82.com\/products\/wp-content\/uploads\/2013\/10\/km82_0237back21-300x225.jpg 300w\" sizes=\"auto, (max-width: 703px) 100vw, 703px\" \/><\/a><figcaption id=\"caption-attachment-144\" class=\"wp-caption-text\">KM82b Vista trasera<\/figcaption><\/figure>\n<p>Puedes dise\u00f1ar desde un robot b\u00e1sico, con un sistema de medici\u00f3n de distancia por ultrasonidos guiado por un servo para que no choque con otros objetos, hasta una plataforma de tracci\u00f3n profesional con contador de revoluciones, contador de avance, giros mediante comp\u00e1s magn\u00e9tico, aceler\u00f3metro, seguidor de l\u00ednea y adem\u00e1s conectarla con otros dispositivos como GPS,\u00a0Bluetooth o tu celular.<\/p>\n<figure style=\"width: 800px\" class=\"wp-caption alignnone\"><a href=\"https:\/\/km82.com\/products\/wp-content\/uploads\/2013\/10\/km82_0229_800.jpg\"><img loading=\"lazy\" decoding=\"async\" alt=\"km82_0229_800\" src=\"https:\/\/km82.com\/products\/wp-content\/uploads\/2013\/10\/km82_0229_800.jpg\" width=\"800\" height=\"598\" \/><\/a><figcaption class=\"wp-caption-text\">KM82b Vista lateral<\/figcaption><\/figure>\n<h3>Ampliable, expandible, personalizado y actualizable<\/h3>\n<p><strong>KM82<\/strong> es un producto en continua evoluci\u00f3n, al que frecuentemente se le a\u00f1aden nuevas opciones que est\u00e1n en desarrollo o que nos piden los usuarios, nuevos ejemplos de programas, cofiguraciones con diferentes Microcontroladores y Drivers, etc..<\/p>\n<figure id=\"attachment_200\" aria-describedby=\"caption-attachment-200\" style=\"width: 1200px\" class=\"wp-caption aligncenter\"><a href=\"https:\/\/km82.com\/products\/wp-content\/uploads\/2013\/10\/IMG_0358.jpg\"><img loading=\"lazy\" decoding=\"async\" class=\" wp-image-200\" alt=\"Kit KM82 en su caja.\" src=\"https:\/\/km82.com\/products\/wp-content\/uploads\/2013\/10\/IMG_0358.jpg\" width=\"1200\" height=\"569\" srcset=\"https:\/\/km82.com\/products\/wp-content\/uploads\/2013\/10\/IMG_0358.jpg 1200w, https:\/\/km82.com\/products\/wp-content\/uploads\/2013\/10\/IMG_0358-300x142.jpg 300w, https:\/\/km82.com\/products\/wp-content\/uploads\/2013\/10\/IMG_0358-1024x485.jpg 1024w\" sizes=\"auto, (max-width: 1200px) 100vw, 1200px\" \/><\/a><figcaption id=\"caption-attachment-200\" class=\"wp-caption-text\">Kit KM82 en su caja.<\/figcaption><\/figure>\n<p>Tambi\u00e9n las p\u00e1ginas en l\u00ednea del manual, instrucciones de montaje, ejemplos y consejos se actualizan continuamente.<\/p>\n<p>Actualmente estamos trabajando en:<\/p>\n<ul>\n<li>Detector de contacto para<span style=\"line-height: 1.5;\">\u00a0obst\u00e1culos.<\/span><\/li>\n<li>Pantallas LCD 16&#215;2 y 20&#215;4.<\/li>\n<li>Librer\u00edas para Arduino Y\u00daN<\/li>\n<li>Configuraci\u00f3n con\u00a0Shield y controlador Grove.<\/li>\n<li>Configuraci\u00f3n con Arduino Mega.<\/li>\n<li>Configuraci\u00f3n de seguidor de l\u00ednea.<\/li>\n<li>Librer\u00edas de control de motores inteligente.<\/li>\n<li>Librer\u00edas de control por RPM<\/li>\n<li>Mando a distancia con\u00a0Bluetooth.<\/li>\n<li>Y muchos m\u00e1s&#8230;<\/li>\n<\/ul>\n<p>&nbsp;<\/p>\n<blockquote>\n<figure id=\"attachment_201\" aria-describedby=\"caption-attachment-201\" style=\"width: 800px\" class=\"wp-caption aligncenter\"><a href=\"https:\/\/km82.com\/products\/wp-content\/uploads\/2013\/10\/IMG_0366.jpg\"><img loading=\"lazy\" decoding=\"async\" class=\" wp-image-201\" alt=\"IMG_0366\" src=\"https:\/\/km82.com\/products\/wp-content\/uploads\/2013\/10\/IMG_0366.jpg\" width=\"800\" height=\"597\" srcset=\"https:\/\/km82.com\/products\/wp-content\/uploads\/2013\/10\/IMG_0366.jpg 800w, https:\/\/km82.com\/products\/wp-content\/uploads\/2013\/10\/IMG_0366-300x223.jpg 300w\" sizes=\"auto, (max-width: 800px) 100vw, 800px\" \/><\/a><figcaption id=\"caption-attachment-201\" class=\"wp-caption-text\">Incluye un Arduino UNO Original<\/figcaption><\/figure>\n<p style=\"text-align: center;\"><strong>KM82<\/strong> es un producto beta de producci\u00f3n limitada, todos los componentes son Open Hardware y esta pensada para que sea el propio usuario el que dise\u00f1e y programe espec\u00edficamente su plataforma de acuerdo a su proyecto, podr\u00e1s descargar desde la web, nuevos programas de ejemplo y librer\u00edas que se ir\u00e1n actualizando constantemente.<\/p>\n<\/blockquote>\n<p>No todas las caracter\u00edsticas tienen porque ser soportadas simult\u00e1neamente, debido a la complejidad del software y la cantidad de combinaciones posibles, pueden darse incompatibilidades entre los accesorios y sensores que se a\u00f1adan espec\u00edficamente en cada proyecto.<\/p>\n<h2>Caracter\u00edsticas de la Plataforma de Tracci\u00f3n.<\/h2>\n<p>La plataforma de tracci\u00f3n es la parte b\u00e1sica de cualquier sistema autotransportado, el kit b\u00e1sico incluye todo lo necesario para construir tu primera plataforma rob\u00f3tica, s\u00f3lo necesitar\u00e1s 6 bater\u00edas recargables de 1.2V y disponer de un cargador de 7.2V.<\/p>\n<figure style=\"width: 300px\" class=\"wp-caption alignnone\"><a href=\"https:\/\/km82.com\/products\/wp-content\/uploads\/2013\/10\/km82_0242_800.jpg\"><img loading=\"lazy\" decoding=\"async\" alt=\"km82_0242_800\" src=\"https:\/\/km82.com\/products\/wp-content\/uploads\/2013\/10\/km82_0242_800-300x224.jpg\" width=\"300\" height=\"224\" \/><\/a><figcaption class=\"wp-caption-text\">KM82b Detalle del controlador de motor<\/figcaption><\/figure>\n<p>Todas las herramientas que necesitas para armarlo son: Un soldador y esta\u00f1o para las conexiones el\u00e9ctricas, una tijera de electricista o un pelacables, un destornillador peque\u00f1o y una llave Allen de 3mm para los tornillos.<\/p>\n<h2>Plataforma avanzada<\/h2>\n<p>Estamos trabajando en la segunda fase del proyecto <strong>KM82<\/strong>, para convertir nuestra plataforma de un chasis rob\u00f3tico normal a un modelo de alta precisi\u00f3n. Adem\u00e1s\u00a0en ese paso aprenderemos como controlar la distancia y giro con precisi\u00f3n industrial, ademas de conectar varios Arduino entre si para trabajar juntos.<\/p>\n<p>Utilizar\u00e1 un sistema de control\u00a0de movimiento inteligente, basado en dos contadores de revoluciones y un comp\u00e1s magn\u00e9tico, que permiten mantener constante la direcci\u00f3n del\u00a0 chasis y la velocidad de ambos grupos de motores, consiguiendo un nivel de precisi\u00f3n en avance y giro verdaderamente profesional.<\/p>\n<p>La versi\u00f3n completa de la segunda fase, \u00a0incluir\u00e1 un software de control plataforma utiliza software que necesita varias interrupciones y temporizadores del Controlador, incluye orientaci\u00f3n con comp\u00e1s magn\u00e9tico, sonido, dos medidores ultras\u00f3nicos de distancia y varios servos, por eso ser\u00e1 necesario utilizar varios Arduino o un Arduino Mega para poder controlar todos los sensores y actuadores.<\/p>\n<p>&nbsp;<\/p>\n<p>Continuar\u00e1&#8230;<\/p>\n","protected":false},"excerpt":{"rendered":"<p>Una incre\u00edble plataforma mecatr\u00f3nica para construir robots. KM82 no s\u00f3lo es un kit,\u00a0es una incre\u00edble plataforma mecatr\u00f3nica de precisi\u00f3n con la que aprender\u00e1s a dise\u00f1ar, controlar y programar tu propio chasis rob\u00f3tico, incluye todo los componentes \u00a0necesarios para armarlo, motores, ruedas, electr\u00f3nica, partes mec\u00e1nicas y por supuesto un Arduino UNO Original. El primer robot con &hellip; <a href=\"https:\/\/km82.com\/products\/\" class=\"more-link\">Seguir leyendo <span class=\"screen-reader-text\">KM82<\/span> <span class=\"meta-nav\">&rarr;<\/span><\/a><\/p>\n","protected":false},"author":2,"featured_media":122,"parent":0,"menu_order":0,"comment_status":"closed","ping_status":"closed","template":"full-width.php","meta":{"jetpack_post_was_ever_published":false,"footnotes":""},"class_list":["post-2","page","type-page","status-publish","has-post-thumbnail","hentry"],"jetpack_sharing_enabled":true,"jetpack_shortlink":"https:\/\/wp.me\/P4kstK-2","_links":{"self":[{"href":"https:\/\/km82.com\/products\/wp-json\/wp\/v2\/pages\/2","targetHints":{"allow":["GET"]}}],"collection":[{"href":"https:\/\/km82.com\/products\/wp-json\/wp\/v2\/pages"}],"about":[{"href":"https:\/\/km82.com\/products\/wp-json\/wp\/v2\/types\/page"}],"author":[{"embeddable":true,"href":"https:\/\/km82.com\/products\/wp-json\/wp\/v2\/users\/2"}],"replies":[{"embeddable":true,"href":"https:\/\/km82.com\/products\/wp-json\/wp\/v2\/comments?post=2"}],"version-history":[{"count":29,"href":"https:\/\/km82.com\/products\/wp-json\/wp\/v2\/pages\/2\/revisions"}],"predecessor-version":[{"id":266,"href":"https:\/\/km82.com\/products\/wp-json\/wp\/v2\/pages\/2\/revisions\/266"}],"wp:featuredmedia":[{"embeddable":true,"href":"https:\/\/km82.com\/products\/wp-json\/wp\/v2\/media\/122"}],"wp:attachment":[{"href":"https:\/\/km82.com\/products\/wp-json\/wp\/v2\/media?parent=2"}],"curies":[{"name":"wp","href":"https:\/\/api.w.org\/{rel}","templated":true}]}}