{"id":48,"date":"2014-02-05T05:12:25","date_gmt":"2014-02-05T05:12:25","guid":{"rendered":"http:\/\/km82.com\/products\/?page_id=48"},"modified":"2022-01-04T17:28:12","modified_gmt":"2022-01-04T17:28:12","slug":"componentes","status":"publish","type":"page","link":"https:\/\/km82.com\/products\/km82\/componentes\/","title":{"rendered":"Componentes"},"content":{"rendered":"<h2>Componentes incluidos en el KIT KM82<\/h2>\n<h3>Partes de acr\u00edlico<\/h3>\n<ul>\n<li>A -1 x Chasis base negro<\/li>\n<li>B &#8211; 1 x Chasis superior transparente<\/li>\n<li>C &#8211; 10 x Soportes de motor (2 de repuesto)<\/li>\n<li>D &#8211; 2 x Ruedas encoder RPM motores<\/li>\n<li>E &#8211; 1 x Soporte para sensor de distancia y servo.<\/li>\n<li>F &#8211; 6 x Espaciadores de acr\u00edlico.<\/li>\n<li>G &#8211; 3 x Espaciador negro 3.5 cm.<\/li>\n<li>H &#8211; 1 x Espaciador negro 3.5 cm. Power &amp; Charge<\/li>\n<li>I &#8211; &nbsp;Espaciador negro 3.5 cm. (Para Volt\u00edmetro opcional).<\/li>\n<li>J &#8211; 1 x Espaciador negro 3.5 cm (Sensor ultras\u00f3nico).<\/li>\n<\/ul>\n<figure id=\"attachment_70\" aria-describedby=\"caption-attachment-70\" style=\"width: 800px\" class=\"wp-caption aligncenter\"><a href=\"http:\/\/km82.com\/products\/wp-content\/uploads\/2014\/02\/km82_chasis_00.jpg\"><img loading=\"lazy\" decoding=\"async\" class=\" wp-image-70\" alt=\"Web\" src=\"http:\/\/km82.com\/products\/wp-content\/uploads\/2014\/02\/km82_chasis_00.jpg\" width=\"800\" height=\"996\" srcset=\"https:\/\/km82.com\/products\/wp-content\/uploads\/2014\/02\/km82_chasis_00.jpg 800w, https:\/\/km82.com\/products\/wp-content\/uploads\/2014\/02\/km82_chasis_00-240x300.jpg 240w\" sizes=\"auto, (max-width: 800px) 100vw, 800px\" \/><\/a><figcaption id=\"caption-attachment-70\" class=\"wp-caption-text\">KM82 Partes de acr\u00edlico negro<\/figcaption><\/figure>\n<figure id=\"attachment_71\" aria-describedby=\"caption-attachment-71\" style=\"width: 474px\" class=\"wp-caption aligncenter\"><a href=\"http:\/\/km82.com\/products\/wp-content\/uploads\/2014\/02\/km82_chasis_01.jpg\"><img loading=\"lazy\" decoding=\"async\" class=\"size-large wp-image-71\" alt=\"Web\" src=\"http:\/\/km82.com\/products\/wp-content\/uploads\/2014\/02\/km82_chasis_01.jpg\" width=\"474\" height=\"472\" srcset=\"https:\/\/km82.com\/products\/wp-content\/uploads\/2014\/02\/km82_chasis_01.jpg 800w, https:\/\/km82.com\/products\/wp-content\/uploads\/2014\/02\/km82_chasis_01-150x150.jpg 150w, https:\/\/km82.com\/products\/wp-content\/uploads\/2014\/02\/km82_chasis_01-300x298.jpg 300w\" sizes=\"auto, (max-width: 474px) 100vw, 474px\" \/><\/a><figcaption id=\"caption-attachment-71\" class=\"wp-caption-text\">KM82 Partes de acr\u00edlico transparente<\/figcaption><\/figure>\n<p style=\"text-align: center;\">\n<h3>Microcontroladores y electr\u00f3nica.<\/h3>\n<ul>\n<li>1 x Arduino UNO R3 Original<\/li>\n<li>1 x Shield de expansi\u00f3n para motores y servos&nbsp;L293D<\/li>\n<li>1 x Servo SG90.<\/li>\n<li>2 x Sensor ultras\u00f3nico de distancia HC-SR04.<\/li>\n<\/ul>\n<h3>Mec\u00e1nicas y el\u00e9ctricas.<\/h3>\n<ul>\n<li>4 x Motores 3 a 7V con reductor.<\/li>\n<li>4 x Ruedas de 65mm.<\/li>\n<li>9 x Tornillos 8mm con tuerca.<\/li>\n<li>8 x Tornillos 30mm con tuerca.<\/li>\n<li>4 x Tornillos 3mm.<\/li>\n<li>4 x Soportes pl\u00e1sticos para Arduino..<\/li>\n<li>2 x Interruptores de alimentaci\u00f3n.<\/li>\n<li>1 x Enchufe 5mm.<\/li>\n<li>2 x Porta bateras 4AA<\/li>\n<li>1 x Cable rojo y negro.<\/li>\n<\/ul>\n<h3>Recomendaciones<\/h3>\n<p>Para la fabricaci\u00f3n de este kit utilizamos un sistema de corte laser de alta precisi\u00f3n y debido a que el grosor del acr\u00edlico puede variar algunas d\u00e9cimas, si encuentras dificultad al insertar algunas piezas, no las fuerces, con una lima peque\u00f1a, rebaja ligeramente las paredes de las uniones en el chasis hasta que las piezas se inserten sin dificultad.<\/p>\n","protected":false},"excerpt":{"rendered":"<p>Componentes incluidos en el KIT KM82 Partes de acr\u00edlico A -1 x Chasis base negro B &#8211; 1 x Chasis superior transparente C &#8211; 10 x Soportes de motor (2 de repuesto) D &#8211; 2 x Ruedas encoder RPM motores E &#8211; 1 x Soporte para sensor de distancia y servo. F &#8211; 6 x &hellip; <a href=\"https:\/\/km82.com\/products\/km82\/componentes\/\" class=\"more-link\">Seguir leyendo <span class=\"screen-reader-text\">Componentes<\/span> <span class=\"meta-nav\">&rarr;<\/span><\/a><\/p>\n","protected":false},"author":2,"featured_media":0,"parent":2,"menu_order":0,"comment_status":"closed","ping_status":"closed","template":"","meta":{"jetpack_post_was_ever_published":false,"footnotes":""},"class_list":["post-48","page","type-page","status-publish","hentry"],"jetpack_sharing_enabled":true,"jetpack_shortlink":"https:\/\/wp.me\/P4kstK-M","_links":{"self":[{"href":"https:\/\/km82.com\/products\/wp-json\/wp\/v2\/pages\/48","targetHints":{"allow":["GET"]}}],"collection":[{"href":"https:\/\/km82.com\/products\/wp-json\/wp\/v2\/pages"}],"about":[{"href":"https:\/\/km82.com\/products\/wp-json\/wp\/v2\/types\/page"}],"author":[{"embeddable":true,"href":"https:\/\/km82.com\/products\/wp-json\/wp\/v2\/users\/2"}],"replies":[{"embeddable":true,"href":"https:\/\/km82.com\/products\/wp-json\/wp\/v2\/comments?post=48"}],"version-history":[{"count":10,"href":"https:\/\/km82.com\/products\/wp-json\/wp\/v2\/pages\/48\/revisions"}],"predecessor-version":[{"id":272,"href":"https:\/\/km82.com\/products\/wp-json\/wp\/v2\/pages\/48\/revisions\/272"}],"up":[{"embeddable":true,"href":"https:\/\/km82.com\/products\/wp-json\/wp\/v2\/pages\/2"}],"wp:attachment":[{"href":"https:\/\/km82.com\/products\/wp-json\/wp\/v2\/media?parent=48"}],"curies":[{"name":"wp","href":"https:\/\/api.w.org\/{rel}","templated":true}]}}