{"id":52,"date":"2014-02-05T05:16:38","date_gmt":"2014-02-05T05:16:38","guid":{"rendered":"http:\/\/km82.com\/products\/?page_id=52"},"modified":"2014-02-16T07:41:29","modified_gmt":"2014-02-16T07:41:29","slug":"instrucciones","status":"publish","type":"page","link":"https:\/\/km82.com\/products\/km82\/instrucciones\/","title":{"rendered":"Instrucciones"},"content":{"rendered":"<h2>Instrucciones de montaje<\/h2>\n<blockquote><p>KM82\u00a0es un producto beta de producci\u00f3n limitada, todos los componentes son Open Hardware y esta pensada para que sea el propio usuario el que dise\u00f1e y programe espec\u00edficamente su plataforma de acuerdo a su proyecto, podr\u00e1s descargar desde la web, muchos ejemplos y librer\u00edas para sus componentes, pero tu seres el responsable de construirlo y programarlo seg\u00fan tu propio criterio.<\/p><\/blockquote>\n<p><a title=\"Chasis\" href=\"http:\/\/km82.com\/products\/km82\/instrucciones\/chasis\/\">Armado del chasis<\/a>.<\/p>\n<p><a title=\"Circuito el\u00e9ctrico\" href=\"http:\/\/km82.com\/products\/km82\/instrucciones\/circuito-electrico\/\">Conexiones el\u00e9ctricas<\/a><\/p>\n<p><a title=\"Tutoriales\" href=\"http:\/\/km82.com\/products\/tutoriales\/\">Librer\u00edas y programas ejemplo.<\/a><\/p>\n<h2>Versiones<\/h2>\n<h3>Versi\u00f3n est\u00e1ndar<\/h3>\n<p>Esta es la versi\u00f3n disponible actualmente a la venta.<\/p>\n<p>Incluye un <a title=\"Shield controlador de motores para tu Arduino\" href=\"http:\/\/www.openhardware.pe\/store\/compatible_shields\/shield_labs_import\/motor_drive_shield_expansion_board_L293D\" target=\"_blank\">shield<\/a> para el control de motores.<\/p>\n<h3>Versi\u00f3n B<\/h3>\n<p>Este modelo se prepara sobre pedido (24h).<\/p>\n<p>Incluye un <a title=\"Controlador de motores L298N\" href=\"http:\/\/www.openhardware.pe\/store\/robotics\/L298N_dual_h_bridge_DC_stepper_motor_controller\" target=\"_blank\">controlador<\/a> de motores independiente con L298N.<\/p>\n","protected":false},"excerpt":{"rendered":"<p>Instrucciones de montaje KM82\u00a0es un producto beta de producci\u00f3n limitada, todos los componentes son Open Hardware y esta pensada para que sea el propio usuario el que dise\u00f1e y programe espec\u00edficamente su plataforma de acuerdo a su proyecto, podr\u00e1s descargar desde la web, muchos ejemplos y librer\u00edas para sus componentes, pero tu seres el responsable &hellip; <a href=\"https:\/\/km82.com\/products\/km82\/instrucciones\/\" class=\"more-link\">Seguir leyendo <span class=\"screen-reader-text\">Instrucciones<\/span> <span class=\"meta-nav\">&rarr;<\/span><\/a><\/p>\n","protected":false},"author":2,"featured_media":0,"parent":2,"menu_order":2,"comment_status":"closed","ping_status":"closed","template":"","meta":{"jetpack_post_was_ever_published":false,"footnotes":""},"class_list":["post-52","page","type-page","status-publish","hentry"],"jetpack_sharing_enabled":true,"jetpack_shortlink":"https:\/\/wp.me\/P4kstK-Q","_links":{"self":[{"href":"https:\/\/km82.com\/products\/wp-json\/wp\/v2\/pages\/52","targetHints":{"allow":["GET"]}}],"collection":[{"href":"https:\/\/km82.com\/products\/wp-json\/wp\/v2\/pages"}],"about":[{"href":"https:\/\/km82.com\/products\/wp-json\/wp\/v2\/types\/page"}],"author":[{"embeddable":true,"href":"https:\/\/km82.com\/products\/wp-json\/wp\/v2\/users\/2"}],"replies":[{"embeddable":true,"href":"https:\/\/km82.com\/products\/wp-json\/wp\/v2\/comments?post=52"}],"version-history":[{"count":7,"href":"https:\/\/km82.com\/products\/wp-json\/wp\/v2\/pages\/52\/revisions"}],"predecessor-version":[{"id":192,"href":"https:\/\/km82.com\/products\/wp-json\/wp\/v2\/pages\/52\/revisions\/192"}],"up":[{"embeddable":true,"href":"https:\/\/km82.com\/products\/wp-json\/wp\/v2\/pages\/2"}],"wp:attachment":[{"href":"https:\/\/km82.com\/products\/wp-json\/wp\/v2\/media?parent=52"}],"curies":[{"name":"wp","href":"https:\/\/api.w.org\/{rel}","templated":true}]}}