{"id":61,"date":"2014-02-05T05:38:50","date_gmt":"2014-02-05T05:38:50","guid":{"rendered":"http:\/\/km82.com\/products\/?page_id=61"},"modified":"2014-02-08T05:06:22","modified_gmt":"2014-02-08T05:06:22","slug":"accesorios-y-upgrades","status":"publish","type":"page","link":"https:\/\/km82.com\/products\/km82\/accesorios-y-upgrades\/","title":{"rendered":"Accesorios y upgrades"},"content":{"rendered":"<h2>Kit Avanzado<\/h2>\n<p>Accesorios y upgrades para aumentar la potencia y la precisi\u00f3n de tu plataforma KM82<\/p>\n<h3>Instalaci\u00f3n del Pan Kit para medidor de distancia ultras\u00f3nico y servo.<\/h3>\n<p><a href=\"http:\/\/km82.com\/products\/wp-content\/uploads\/2014\/02\/IMG_0211.jpg\"><img loading=\"lazy\" decoding=\"async\" class=\"aligncenter size-full wp-image-114\" alt=\"IMG_0211\" src=\"http:\/\/km82.com\/products\/wp-content\/uploads\/2014\/02\/IMG_0211.jpg\" width=\"800\" height=\"800\" srcset=\"https:\/\/km82.com\/products\/wp-content\/uploads\/2014\/02\/IMG_0211.jpg 800w, https:\/\/km82.com\/products\/wp-content\/uploads\/2014\/02\/IMG_0211-150x150.jpg 150w, https:\/\/km82.com\/products\/wp-content\/uploads\/2014\/02\/IMG_0211-300x300.jpg 300w\" sizes=\"auto, (max-width: 800px) 100vw, 800px\" \/><\/a><\/p>\n<h4>Herramientas\u00a0necesarias<\/h4>\n<figure id=\"attachment_103\" aria-describedby=\"caption-attachment-103\" style=\"width: 300px\" class=\"wp-caption alignnone\"><a href=\"http:\/\/km82.com\/products\/wp-content\/uploads\/2014\/02\/IMG_0194.jpg\"><img loading=\"lazy\" decoding=\"async\" class=\"size-medium wp-image-103 \" alt=\"IMG_0194\" src=\"http:\/\/km82.com\/products\/wp-content\/uploads\/2014\/02\/IMG_0194-300x300.jpg\" width=\"300\" height=\"300\" srcset=\"https:\/\/km82.com\/products\/wp-content\/uploads\/2014\/02\/IMG_0194-300x300.jpg 300w, https:\/\/km82.com\/products\/wp-content\/uploads\/2014\/02\/IMG_0194-150x150.jpg 150w, https:\/\/km82.com\/products\/wp-content\/uploads\/2014\/02\/IMG_0194.jpg 800w\" sizes=\"auto, (max-width: 300px) 100vw, 300px\" \/><\/a><figcaption id=\"caption-attachment-103\" class=\"wp-caption-text\">KM82 Herramientas para el montaje del Pan Tilt<\/figcaption><\/figure>\n<h4>Armado del\u00a0Pan Kit<\/h4>\n<p>Agrandar el diametro de los huecos donde ir\u00e1n los tornillos en el brazo del servo mediante un punz\u00f3n.<\/p>\n<ol>\n<li>\n<p><figure id=\"attachment_104\" aria-describedby=\"caption-attachment-104\" style=\"width: 300px\" class=\"wp-caption alignnone\"><a href=\"http:\/\/km82.com\/products\/wp-content\/uploads\/2014\/02\/IMG_0195.jpg\"><img loading=\"lazy\" decoding=\"async\" class=\"size-medium wp-image-104 \" alt=\"IMG_0195\" src=\"http:\/\/km82.com\/products\/wp-content\/uploads\/2014\/02\/IMG_0195-300x300.jpg\" width=\"300\" height=\"300\" srcset=\"https:\/\/km82.com\/products\/wp-content\/uploads\/2014\/02\/IMG_0195-300x300.jpg 300w, https:\/\/km82.com\/products\/wp-content\/uploads\/2014\/02\/IMG_0195-150x150.jpg 150w, https:\/\/km82.com\/products\/wp-content\/uploads\/2014\/02\/IMG_0195.jpg 800w\" sizes=\"auto, (max-width: 300px) 100vw, 300px\" \/><\/a><figcaption id=\"caption-attachment-104\" class=\"wp-caption-text\">KM82 modificaci\u00f3n del brazo del servo para el Pan Tilt<\/figcaption><\/figure><\/li>\n<li>\n<p><figure id=\"attachment_105\" aria-describedby=\"caption-attachment-105\" style=\"width: 300px\" class=\"wp-caption alignnone\"><a href=\"http:\/\/km82.com\/products\/wp-content\/uploads\/2014\/02\/IMG_0197.jpg\"><img loading=\"lazy\" decoding=\"async\" class=\"size-medium wp-image-105 \" alt=\"IMG_0197\" src=\"http:\/\/km82.com\/products\/wp-content\/uploads\/2014\/02\/IMG_0197-300x300.jpg\" width=\"300\" height=\"300\" srcset=\"https:\/\/km82.com\/products\/wp-content\/uploads\/2014\/02\/IMG_0197-300x300.jpg 300w, https:\/\/km82.com\/products\/wp-content\/uploads\/2014\/02\/IMG_0197-150x150.jpg 150w, https:\/\/km82.com\/products\/wp-content\/uploads\/2014\/02\/IMG_0197.jpg 800w\" sizes=\"auto, (max-width: 300px) 100vw, 300px\" \/><\/a><figcaption id=\"caption-attachment-105\" class=\"wp-caption-text\">KM82 modificaci\u00f3n del brazo del servo para el Pan Tilt<\/figcaption><\/figure><\/li>\n<\/ol>\n<p>Cortar los laterales del brazo con un alicate, para que no sobresalga del soporte de acr\u00edlico.<\/p>\n<ol>\n<li>\n<p><figure id=\"attachment_106\" aria-describedby=\"caption-attachment-106\" style=\"width: 300px\" class=\"wp-caption alignnone\"><a href=\"http:\/\/km82.com\/products\/wp-content\/uploads\/2014\/02\/IMG_0198.jpg\"><img loading=\"lazy\" decoding=\"async\" class=\"size-medium wp-image-106 \" alt=\"IMG_0198\" src=\"http:\/\/km82.com\/products\/wp-content\/uploads\/2014\/02\/IMG_0198-300x300.jpg\" width=\"300\" height=\"300\" srcset=\"https:\/\/km82.com\/products\/wp-content\/uploads\/2014\/02\/IMG_0198-300x300.jpg 300w, https:\/\/km82.com\/products\/wp-content\/uploads\/2014\/02\/IMG_0198-150x150.jpg 150w, https:\/\/km82.com\/products\/wp-content\/uploads\/2014\/02\/IMG_0198.jpg 800w\" sizes=\"auto, (max-width: 300px) 100vw, 300px\" \/><\/a><figcaption id=\"caption-attachment-106\" class=\"wp-caption-text\">KM82 modificaci\u00f3n del brazo del servo para el Pan Tilt<\/figcaption><\/figure><\/li>\n<li>\n<p><figure id=\"attachment_107\" aria-describedby=\"caption-attachment-107\" style=\"width: 300px\" class=\"wp-caption alignnone\"><a href=\"http:\/\/km82.com\/products\/wp-content\/uploads\/2014\/02\/IMG_0199.jpg\"><img loading=\"lazy\" decoding=\"async\" class=\"size-medium wp-image-107 \" alt=\"IMG_0199\" src=\"http:\/\/km82.com\/products\/wp-content\/uploads\/2014\/02\/IMG_0199-300x268.jpg\" width=\"300\" height=\"268\" srcset=\"https:\/\/km82.com\/products\/wp-content\/uploads\/2014\/02\/IMG_0199-300x268.jpg 300w, https:\/\/km82.com\/products\/wp-content\/uploads\/2014\/02\/IMG_0199.jpg 544w\" sizes=\"auto, (max-width: 300px) 100vw, 300px\" \/><\/a><figcaption id=\"caption-attachment-107\" class=\"wp-caption-text\">KM82 modificaci\u00f3n del brazo del servo para el Pan Tilt<\/figcaption><\/figure><\/li>\n<\/ol>\n<p>&nbsp;<\/p>\n<p>Unir el brazo del servo con el soporte del sensor ultras\u00f3nico mediante los cuatro tornillos de 3 mm incluidos.<\/p>\n<ol>\n<li>\n<p><figure id=\"attachment_108\" aria-describedby=\"caption-attachment-108\" style=\"width: 300px\" class=\"wp-caption alignnone\"><a href=\"http:\/\/km82.com\/products\/wp-content\/uploads\/2014\/02\/IMG_0200.jpg\"><img loading=\"lazy\" decoding=\"async\" class=\"size-medium wp-image-108 \" alt=\"IMG_0200\" src=\"http:\/\/km82.com\/products\/wp-content\/uploads\/2014\/02\/IMG_0200-300x300.jpg\" width=\"300\" height=\"300\" srcset=\"https:\/\/km82.com\/products\/wp-content\/uploads\/2014\/02\/IMG_0200-300x300.jpg 300w, https:\/\/km82.com\/products\/wp-content\/uploads\/2014\/02\/IMG_0200-150x150.jpg 150w, https:\/\/km82.com\/products\/wp-content\/uploads\/2014\/02\/IMG_0200.jpg 800w\" sizes=\"auto, (max-width: 300px) 100vw, 300px\" \/><\/a><figcaption id=\"caption-attachment-108\" class=\"wp-caption-text\">KM82 instalaci\u00f3n del brazo del servo para el Pan Tilt<\/figcaption><\/figure><\/li>\n<li>\n<p><figure id=\"attachment_109\" aria-describedby=\"caption-attachment-109\" style=\"width: 300px\" class=\"wp-caption alignnone\"><img loading=\"lazy\" decoding=\"async\" class=\"size-medium wp-image-109  \" alt=\"IMG_0202\" src=\"http:\/\/km82.com\/products\/wp-content\/uploads\/2014\/02\/IMG_0202-300x300.jpg\" width=\"300\" height=\"300\" srcset=\"https:\/\/km82.com\/products\/wp-content\/uploads\/2014\/02\/IMG_0202-300x300.jpg 300w, https:\/\/km82.com\/products\/wp-content\/uploads\/2014\/02\/IMG_0202-150x150.jpg 150w, https:\/\/km82.com\/products\/wp-content\/uploads\/2014\/02\/IMG_0202.jpg 800w\" sizes=\"auto, (max-width: 300px) 100vw, 300px\" \/><figcaption id=\"caption-attachment-109\" class=\"wp-caption-text\">KM82 vista final del del brazo del servo instalado<\/figcaption><\/figure><\/li>\n<\/ol>\n<p>Sujetar el servo al chasis del robot mediante los tornillos incluidos.<\/p>\n<ol>\n<li>\n<p><figure id=\"attachment_110\" aria-describedby=\"caption-attachment-110\" style=\"width: 300px\" class=\"wp-caption alignnone\"><a href=\"http:\/\/km82.com\/products\/wp-content\/uploads\/2014\/02\/IMG_0206.jpg\"><img loading=\"lazy\" decoding=\"async\" class=\"size-medium wp-image-110 \" alt=\"IMG_0206\" src=\"http:\/\/km82.com\/products\/wp-content\/uploads\/2014\/02\/IMG_0206-300x300.jpg\" width=\"300\" height=\"300\" srcset=\"https:\/\/km82.com\/products\/wp-content\/uploads\/2014\/02\/IMG_0206-300x300.jpg 300w, https:\/\/km82.com\/products\/wp-content\/uploads\/2014\/02\/IMG_0206-150x150.jpg 150w, https:\/\/km82.com\/products\/wp-content\/uploads\/2014\/02\/IMG_0206.jpg 800w\" sizes=\"auto, (max-width: 300px) 100vw, 300px\" \/><\/a><figcaption id=\"caption-attachment-110\" class=\"wp-caption-text\">KM82 instalaci\u00f3n del servo en el chasis superior.<\/figcaption><\/figure><\/li>\n<li>\n<p><figure id=\"attachment_111\" aria-describedby=\"caption-attachment-111\" style=\"width: 300px\" class=\"wp-caption alignnone\"><a href=\"http:\/\/km82.com\/products\/wp-content\/uploads\/2014\/02\/IMG_0207.jpg\"><img loading=\"lazy\" decoding=\"async\" class=\"size-medium wp-image-111 \" alt=\"IMG_0207\" src=\"http:\/\/km82.com\/products\/wp-content\/uploads\/2014\/02\/IMG_0207-300x300.jpg\" width=\"300\" height=\"300\" srcset=\"https:\/\/km82.com\/products\/wp-content\/uploads\/2014\/02\/IMG_0207-300x300.jpg 300w, https:\/\/km82.com\/products\/wp-content\/uploads\/2014\/02\/IMG_0207-150x150.jpg 150w, https:\/\/km82.com\/products\/wp-content\/uploads\/2014\/02\/IMG_0207.jpg 800w\" sizes=\"auto, (max-width: 300px) 100vw, 300px\" \/><\/a><figcaption id=\"caption-attachment-111\" class=\"wp-caption-text\">KM82Servo instalado en el chasis superior.<\/figcaption><\/figure><\/li>\n<\/ol>\n<p>Colocar el\u00a0Pan Kit \u00a0en el servo, para asegurarse que el servo est\u00e9 en la posici\u00f3n correcta es preciso utilizar un peque\u00f1o programa en Arduino que lo centre en su posici\u00f3n, a continuaci\u00f3n fijarlo, con el tornillo incluido, al rotor del servomotor.<\/p>\n<ol>\n<li>\n<p><figure id=\"attachment_112\" aria-describedby=\"caption-attachment-112\" style=\"width: 300px\" class=\"wp-caption alignnone\"><a href=\"http:\/\/km82.com\/products\/wp-content\/uploads\/2014\/02\/IMG_0208.jpg\"><img loading=\"lazy\" decoding=\"async\" class=\"size-medium wp-image-112 \" alt=\"IMG_0208\" src=\"http:\/\/km82.com\/products\/wp-content\/uploads\/2014\/02\/IMG_0208-300x300.jpg\" width=\"300\" height=\"300\" srcset=\"https:\/\/km82.com\/products\/wp-content\/uploads\/2014\/02\/IMG_0208-300x300.jpg 300w, https:\/\/km82.com\/products\/wp-content\/uploads\/2014\/02\/IMG_0208-150x150.jpg 150w, https:\/\/km82.com\/products\/wp-content\/uploads\/2014\/02\/IMG_0208.jpg 800w\" sizes=\"auto, (max-width: 300px) 100vw, 300px\" \/><\/a><figcaption id=\"caption-attachment-112\" class=\"wp-caption-text\">KM82 instalaci\u00f3n del brazo del sensor en el servo.<\/figcaption><\/figure><\/li>\n<li>\n<p><figure id=\"attachment_113\" aria-describedby=\"caption-attachment-113\" style=\"width: 300px\" class=\"wp-caption alignnone\"><a href=\"http:\/\/km82.com\/products\/wp-content\/uploads\/2014\/02\/IMG_0209.jpg\"><img loading=\"lazy\" decoding=\"async\" class=\"size-medium wp-image-113 \" alt=\"IMG_0209\" src=\"http:\/\/km82.com\/products\/wp-content\/uploads\/2014\/02\/IMG_0209-300x300.jpg\" width=\"300\" height=\"300\" srcset=\"https:\/\/km82.com\/products\/wp-content\/uploads\/2014\/02\/IMG_0209-300x300.jpg 300w, https:\/\/km82.com\/products\/wp-content\/uploads\/2014\/02\/IMG_0209-150x150.jpg 150w, https:\/\/km82.com\/products\/wp-content\/uploads\/2014\/02\/IMG_0209.jpg 800w\" sizes=\"auto, (max-width: 300px) 100vw, 300px\" \/><\/a><figcaption id=\"caption-attachment-113\" class=\"wp-caption-text\">KM82 Brazo del sensor instalado.<\/figcaption><\/figure><\/li>\n<\/ol>\n<h2>Volt\u00edmetro para bater\u00eda.<\/h2>\n<figure id=\"attachment_145\" aria-describedby=\"caption-attachment-145\" style=\"width: 800px\" class=\"wp-caption alignnone\"><img loading=\"lazy\" decoding=\"async\" class=\" wp-image-145 \" style=\"line-height: 1.5;\" alt=\"IMG_0241\" src=\"http:\/\/km82.com\/products\/wp-content\/uploads\/2013\/10\/IMG_0241.jpg\" width=\"800\" height=\"598\" srcset=\"https:\/\/km82.com\/products\/wp-content\/uploads\/2013\/10\/IMG_0241.jpg 800w, https:\/\/km82.com\/products\/wp-content\/uploads\/2013\/10\/IMG_0241-300x224.jpg 300w\" sizes=\"auto, (max-width: 800px) 100vw, 800px\" \/><figcaption id=\"caption-attachment-145\" class=\"wp-caption-text\">KM82 Volt\u00edmetro indicador de bater\u00eda instalado.<\/figcaption><\/figure>\n<p>Incluye un volt\u00edmetro digital en el panel lateral para controlar el voltaje de la bater\u00eda de forma aut\u00f3noma.<\/p>\n<ul>\n<li>1 x Panel lateral en acr\u00edlico para volt\u00edmetro\u00a0KM82.<\/li>\n<li>1 x Volt\u00edmetro digital aut\u00f3nomo de 3.3 a 17V.<\/li>\n<\/ul>\n<figure id=\"attachment_119\" aria-describedby=\"caption-attachment-119\" style=\"width: 300px\" class=\"wp-caption alignnone\"><a href=\"http:\/\/km82.com\/products\/wp-content\/uploads\/2014\/02\/IMG_0177.jpg\"><img loading=\"lazy\" decoding=\"async\" class=\"size-medium wp-image-119 \" alt=\"IMG_0177\" src=\"http:\/\/km82.com\/products\/wp-content\/uploads\/2014\/02\/IMG_0177-300x224.jpg\" width=\"300\" height=\"224\" srcset=\"https:\/\/km82.com\/products\/wp-content\/uploads\/2014\/02\/IMG_0177-300x224.jpg 300w, https:\/\/km82.com\/products\/wp-content\/uploads\/2014\/02\/IMG_0177.jpg 800w\" sizes=\"auto, (max-width: 300px) 100vw, 300px\" \/><\/a><figcaption id=\"caption-attachment-119\" class=\"wp-caption-text\">KM82 Detalle del volt\u00edmetro indicador de bater\u00eda.<\/figcaption><\/figure>\n<h2>Instalaci\u00f3n de medidores de revoluciones.<\/h2>\n<h2>Instalaci\u00f3n de seguidor de l\u00ednea.<\/h2>\n<h2>Instalaci\u00f3n de sensor de distancia trasero.<\/h2>\n<h2>Instalaci\u00f3n de plataformas adicionales.<\/h2>\n<p>KM82 est\u00e1 preparado para crecer, puedes a\u00f1adir plataformas adicionales con las que puedes a\u00f1adir muchas nuevas caracter\u00edsticas \u00a0y personalizar tu KM82 a la medida de tus \u00a0proyectos y con una presentaci\u00f3n impecable.<\/p>\n","protected":false},"excerpt":{"rendered":"<p>Kit Avanzado Accesorios y upgrades para aumentar la potencia y la precisi\u00f3n de tu plataforma KM82 Instalaci\u00f3n del Pan Kit para medidor de distancia ultras\u00f3nico y servo. Herramientas\u00a0necesarias Armado del\u00a0Pan Kit Agrandar el diametro de los huecos donde ir\u00e1n los tornillos en el brazo del servo mediante un punz\u00f3n. Cortar los laterales del brazo con &hellip; <a href=\"https:\/\/km82.com\/products\/km82\/accesorios-y-upgrades\/\" class=\"more-link\">Seguir leyendo <span class=\"screen-reader-text\">Accesorios y upgrades<\/span> <span class=\"meta-nav\">&rarr;<\/span><\/a><\/p>\n","protected":false},"author":2,"featured_media":0,"parent":2,"menu_order":8,"comment_status":"closed","ping_status":"closed","template":"","meta":{"jetpack_post_was_ever_published":false,"footnotes":""},"class_list":["post-61","page","type-page","status-publish","hentry"],"jetpack_sharing_enabled":true,"jetpack_shortlink":"https:\/\/wp.me\/P4kstK-Z","_links":{"self":[{"href":"https:\/\/km82.com\/products\/wp-json\/wp\/v2\/pages\/61","targetHints":{"allow":["GET"]}}],"collection":[{"href":"https:\/\/km82.com\/products\/wp-json\/wp\/v2\/pages"}],"about":[{"href":"https:\/\/km82.com\/products\/wp-json\/wp\/v2\/types\/page"}],"author":[{"embeddable":true,"href":"https:\/\/km82.com\/products\/wp-json\/wp\/v2\/users\/2"}],"replies":[{"embeddable":true,"href":"https:\/\/km82.com\/products\/wp-json\/wp\/v2\/comments?post=61"}],"version-history":[{"count":9,"href":"https:\/\/km82.com\/products\/wp-json\/wp\/v2\/pages\/61\/revisions"}],"predecessor-version":[{"id":186,"href":"https:\/\/km82.com\/products\/wp-json\/wp\/v2\/pages\/61\/revisions\/186"}],"up":[{"embeddable":true,"href":"https:\/\/km82.com\/products\/wp-json\/wp\/v2\/pages\/2"}],"wp:attachment":[{"href":"https:\/\/km82.com\/products\/wp-json\/wp\/v2\/media?parent=61"}],"curies":[{"name":"wp","href":"https:\/\/api.w.org\/{rel}","templated":true}]}}